{"id":2264,"date":"2019-04-10T14:48:51","date_gmt":"2019-04-10T14:48:51","guid":{"rendered":"https:\/\/www.klimenthenhapel.at\/?page_id=2264"},"modified":"2019-04-10T14:48:51","modified_gmt":"2019-04-10T14:48:51","slug":"datenschutz","status":"publish","type":"page","link":"https:\/\/www.klimenthenhapel.at\/zh-hans\/datenschutz\/","title":{"rendered":"Datenschutz"},"content":{"rendered":"<div class=\"wpb-content-wrapper\"><p>[vc_row][vc_column][vc_column_text css=&#8221;.vc_custom_1526989965834{margin-bottom: 20px !important;}&#8221;]<\/p>\n<h2>1. Allgemeines<\/h2>\n<p>Die Kliment &amp; Henhapel Patentanw\u00e4lte OG sieht sich zu einem sorgf\u00e4ltigen Umgang mit Ihren pers\u00f6nlichen Daten basierend auf \u00f6sterreichischen und europarechtlichen Bestimmungen zum Datenschutz verpflichtet.<br \/>\nF\u00fcr Links auf Seiten anderer Anbieter \u00fcbernimmt die Kliment &amp; Henhapel Patentanw\u00e4lte OG keine Haftung.[\/vc_column_text][vc_column_text css=&#8221;.vc_custom_1546424551934{margin-bottom: 20px !important;}&#8221;]<\/p>\n<h2>2. Ansprechperson und Kontaktdaten<\/h2>\n<p>Patentanwalt Dipl.-Ing.\u00a0Bernhard Henhapel<br \/>\nGonzagagasse 15<br \/>\n1010 Wien<br \/>\nTelefon: +43 1 512 77 91<br \/>\nFax: +43 1 512 47 15<br \/>\nE-Mail: office@klimenthenhapel.at<\/p>\n<p>Nachfolgend finden Sie Informationen \u00fcber Art, Umfang und Zweck der Erhebung und Verwendung von Daten bei Ihrem Besuch unserer Webpage.[\/vc_column_text][vc_column_text css=&#8221;.vc_custom_1526989982378{margin-bottom: 20px !important;}&#8221;]<\/p>\n<h2>3. Ermittlung und Speicherung personenbezogener Daten<\/h2>\n<p>Bei jedem Zugriff auf unseren Webauftritt \u00fcbermittelt Ihr Browser aus technischen Gr\u00fcnden automatisch die unten aufgelisteten Daten an unsere Webserver<br \/>\n. Die Speicherung dient ausschlie\u00dflich statistischen wie technischen Zwecken, um zum Beispiel die H\u00e4ufigkeit von Seitenbesuchen auswerten oder aber St\u00f6rungen im Serverbetrieb feststellen zu k\u00f6nnen.<br \/>\nFolgende Daten werden protokolliert und ausgewertet:<\/p>\n<ul>\n<li>Request (Dateiname der angeforderten Datei)<\/li>\n<li>Browsertyp und Browserversion<\/li>\n<li>verwendetes Betriebssystem<\/li>\n<li>Referrer URL, d.h. die Webseite, von der aus Sie unseren Internetauftritt besuchen<\/li>\n<li>IP-Adresse<\/li>\n<li>Datum und Uhrzeit Ihres Besuchs<\/li>\n<li>die innerhalb unseres Webauftritts besuchten Webseiten<br \/>\netwaige Formularinhalte<\/li>\n<li>Benutzername und Passwort (nur bei Seiten mit Login, wie beispielsweise dem Login-Portal oder den Allgemeinen Gesch\u00e4ftsbedingungen im Exportserviceverfahren)<\/li>\n<\/ul>\n<p>Personenbezogene Daten, wie Name, Unternehmen, E-Mailadresse, werden nur erfasst, wenn Sie diese in unserem Kontaktformular angeben.[\/vc_column_text][vc_column_text css=&#8221;.vc_custom_1526989986195{margin-bottom: 20px !important;}&#8221;]<\/p>\n<h2>4. Verwendung und Weitergabe personenbezogener Daten<\/h2>\n<p>Von Ihnen \u00fcbermittelte personenbezogene Daten werden nur zur Behandlung Ihres Anliegens, im Rahmen der Erf\u00fcllung von mit Ihnen geschlossenen Vertr\u00e4gen oder f\u00fcr die technische Administration verwendet.<br \/>\nEine erteilte Einwilligung kann von Ihnen jederzeit mit Wirkung f\u00fcr die Zukunft schriftlich bei der unter Punkt 2. Angef\u00fchrten Ansprechperson unter Angabe Ihrer Kontaktdaten widerrufen werden.<br \/>\nZugang zu Ihren Daten erhalten nur MitarbeiterInnen, die diesen zur Erf\u00fcllung der vertraglichen und gesetzlichen Pflichten oder aus berechtigtem Interesse ben\u00f6tigen. Zur Umsetzung unseres Internetauftritts bedienen wir uns auch ausgew\u00e4hlter Auftragsverarbeiter, diese sind vertraglich dazu verpflichtet ihre Auftr\u00e4ge DSGVO-konform durchzuf\u00fchren.[\/vc_column_text][vc_column_text css=&#8221;.vc_custom_1526989990097{margin-bottom: 20px !important;}&#8221;]<\/p>\n<h2>5.\u00a0 Recht auf Auskunft, Berichtigung, L\u00f6schung oder Einschr\u00e4nkung der<\/h2>\n<p>Verarbeitung, auf Widerspruch sowie Daten\u00fcbertragbarkeit<br \/>\nIhnen steht das Recht auf Auskunft, Berichtigung, L\u00f6schung oder Einschr\u00e4nkung der Verarbeitung Ihrer gespeicherten Daten, ein Widerspruchsrecht gegen die Verarbeitung sowie das Recht auf Daten\u00fcbertragbarkeit gem\u00e4\u00df den Voraussetzungen des Datenschutzrechts zu<br \/>\n.<br \/>\nBeschwerden k\u00f6nnen Sie an die <a href=\"http:\/\/www.dsb.gv.at\/\">\u00d6sterreichische Datenschutzbeh\u00f6rde<\/a> richten.[\/vc_column_text][vc_column_text css=&#8221;.vc_custom_1526989993426{margin-bottom: 20px !important;}&#8221;]<\/p>\n<h2>6. Datensicherheit<\/h2>\n<p>Die Kliment &amp; Henhapel Patentanw\u00e4lte OG hat sich zum Ziel gesetzt, Ihre Daten sorgf\u00e4ltig zu verwalten und Sicherheitsma\u00dfnahmen zu treffen, um die personenbezogenen Daten vor Verlust und Missbrauch zu sch\u00fctzen. In diesem Zusammenhang m\u00f6chten wir Sie darauf hinweisen, dass, sollten Sie mit MitarbeiterInnen per E-Mail in Kontakt treten, wir die Vertraulichkeit der \u00fcbermittelten Informationen nicht gew\u00e4hrleistet k\u00f6nnen. Der Inhalt von E-Mails kann aufgrund ihrer technischen Konzeption von Dritten eingesehen werden, sofern nicht besondere technische Sicherheitsma\u00dfnahmen ergriffen werden.[\/vc_column_text][vc_column_text css=&#8221;.vc_custom_1526989997625{margin-bottom: 20px !important;}&#8221;]<\/p>\n<h2>7. Webanalyse &amp; Cookies<\/h2>\n<p>Wir nutzen Cookies, um die Website f\u00fcr Sie so benutzerfreundlich, wie m\u00f6glich, zu gestalten. Bei Cookies handelt es sich um kleine Textdateien, die auf Ihrem Ger\u00e4t abgelegt werden, um Sie bei erneuter Nutzung unseres Webangebots wiederzuerkennen. Cookies k\u00f6nnen dauerhaft oder nur w\u00e4hrend einer Sitzung gespeichert werden. Cookies sind einerseits notwendig, um Funktionen der Website zur Verf\u00fcgung zu stellen. Andererseits werden zielorientierte Cookies ben\u00f6tigt, um unsere Website zu verbessern und weiter zu optimieren. Es ist f\u00fcr Sie m\u00f6glich Cookies durch Einstellung Ihres Browsers zu unterbinden. Sollten Sie Cookies verhindern, besteht die M\u00f6glichkeit, dass unsere Website nicht optimal funktioniert. Die gesammelten Informationen werden selbstverst\u00e4ndlich nicht an Dritte weitergeleitet.[\/vc_column_text][vc_column_text css=&#8221;.vc_custom_1526990001579{margin-bottom: 20px !important;}&#8221;]<\/p>\n<h2>8. Protokollierung des E-Mail-Verkehrs<\/h2>\n<p>Sollten Sie E-Mails an uns senden, werden von uns folgende Daten protokolliert: E-Mail-Adresse des Empf\u00e4ngers und Senders, Anzahl der Empf\u00e4nger, Betreff, Datum, Uhrzeit des Eingangs, eventuelle Anh\u00e4nge, Gr\u00f6\u00dfe der Nachricht, Spams und Zustellstatus.<br \/>\nDie in den E-Mails enthaltenen personenbezogenen Daten werden f\u00fcr die Dauer der Gesch\u00e4ftsanbahnung sowie nach gesetzlichen Aufbewahrungs- und Dokumentationspflichten verarbeitet.[\/vc_column_text][vc_column_text]<\/p>\n<h2>9. Aktualisierung dieser Datenschutzerkl\u00e4rung<\/h2>\n<p>Wir behalten uns vor, diese Datenschutzerkl\u00e4rung bei Bedarf an technische Entwicklungen sowie rechtliche \u00c4nderungen anzupassen oder im Zusammenhang mit dem Angebot neuer Dienstleistungen oder Produkte zu aktualisieren.[\/vc_column_text][\/vc_column][\/vc_row]<\/p>\n<\/div>","protected":false},"excerpt":{"rendered":"<p>[vc_row][vc_column][vc_column_text css=&#8221;.vc_custo [&hellip;]<\/p>\n","protected":false},"author":1,"featured_media":0,"parent":0,"menu_order":0,"comment_status":"closed","ping_status":"closed","template":"","meta":{"_acf_changed":false,"footnotes":""},"class_list":["post-2264","page","type-page","status-publish","hentry"],"acf":[],"yoast_head":"<!-- This site is optimized with the Yoast SEO plugin v23.3 - https:\/\/yoast.com\/wordpress\/plugins\/seo\/ -->\n<title>Datenschutz - Klimenthenhapel<\/title>\n<meta name=\"robots\" content=\"index, follow, max-snippet:-1, max-image-preview:large, max-video-preview:-1\" \/>\n<link rel=\"canonical\" href=\"https:\/\/www.klimenthenhapel.at\/zh-hans\/datenschutz\/\" \/>\n<meta property=\"og:locale\" content=\"zh_CN\" \/>\n<meta property=\"og:type\" content=\"article\" \/>\n<meta property=\"og:title\" content=\"Datenschutz - Klimenthenhapel\" \/>\n<meta property=\"og:description\" content=\"[vc_row][vc_column][vc_column_text css=&#8221;.vc_custo [&hellip;]\" \/>\n<meta property=\"og:url\" content=\"https:\/\/www.klimenthenhapel.at\/zh-hans\/datenschutz\/\" \/>\n<meta property=\"og:site_name\" content=\"Klimenthenhapel\" \/>\n<meta name=\"twitter:card\" content=\"summary_large_image\" \/>\n<meta name=\"twitter:label1\" content=\"\u9884\u8ba1\u9605\u8bfb\u65f6\u95f4\" \/>\n\t<meta name=\"twitter:data1\" content=\"4 \u5206\" \/>\n<script type=\"application\/ld+json\" class=\"yoast-schema-graph\">{\"@context\":\"https:\/\/schema.org\",\"@graph\":[{\"@type\":\"WebPage\",\"@id\":\"https:\/\/www.klimenthenhapel.at\/zh-hans\/datenschutz\/\",\"url\":\"https:\/\/www.klimenthenhapel.at\/zh-hans\/datenschutz\/\",\"name\":\"Datenschutz - Klimenthenhapel\",\"isPartOf\":{\"@id\":\"https:\/\/www.klimenthenhapel.at\/de\/#website\"},\"datePublished\":\"2019-04-10T14:48:51+00:00\",\"dateModified\":\"2019-04-10T14:48:51+00:00\",\"breadcrumb\":{\"@id\":\"https:\/\/www.klimenthenhapel.at\/zh-hans\/datenschutz\/#breadcrumb\"},\"inLanguage\":\"zh-Hans\",\"potentialAction\":[{\"@type\":\"ReadAction\",\"target\":[\"https:\/\/www.klimenthenhapel.at\/zh-hans\/datenschutz\/\"]}]},{\"@type\":\"BreadcrumbList\",\"@id\":\"https:\/\/www.klimenthenhapel.at\/zh-hans\/datenschutz\/#breadcrumb\",\"itemListElement\":[{\"@type\":\"ListItem\",\"position\":1,\"name\":\"Home\",\"item\":\"https:\/\/www.klimenthenhapel.at\/zh-hans\/\"},{\"@type\":\"ListItem\",\"position\":2,\"name\":\"Datenschutz\"}]},{\"@type\":\"WebSite\",\"@id\":\"https:\/\/www.klimenthenhapel.at\/de\/#website\",\"url\":\"https:\/\/www.klimenthenhapel.at\/de\/\",\"name\":\"Klimenthenhapel\",\"description\":\"bei Kliment &amp; Henhapel Patentanw\u00e4lte OG, einer Patentanwaltskanzlei mit Niederlassungen in Wien, Linz und Salzburg.\",\"potentialAction\":[{\"@type\":\"SearchAction\",\"target\":{\"@type\":\"EntryPoint\",\"urlTemplate\":\"https:\/\/www.klimenthenhapel.at\/de\/?s={search_term_string}\"},\"query-input\":\"required name=search_term_string\"}],\"inLanguage\":\"zh-Hans\"}]}<\/script>\n<!-- \/ Yoast SEO plugin. -->","yoast_head_json":{"title":"Datenschutz - Klimenthenhapel","robots":{"index":"index","follow":"follow","max-snippet":"max-snippet:-1","max-image-preview":"max-image-preview:large","max-video-preview":"max-video-preview:-1"},"canonical":"https:\/\/www.klimenthenhapel.at\/zh-hans\/datenschutz\/","og_locale":"zh_CN","og_type":"article","og_title":"Datenschutz - Klimenthenhapel","og_description":"[vc_row][vc_column][vc_column_text css=&#8221;.vc_custo [&hellip;]","og_url":"https:\/\/www.klimenthenhapel.at\/zh-hans\/datenschutz\/","og_site_name":"Klimenthenhapel","twitter_card":"summary_large_image","twitter_misc":{"\u9884\u8ba1\u9605\u8bfb\u65f6\u95f4":"4 \u5206"},"schema":{"@context":"https:\/\/schema.org","@graph":[{"@type":"WebPage","@id":"https:\/\/www.klimenthenhapel.at\/zh-hans\/datenschutz\/","url":"https:\/\/www.klimenthenhapel.at\/zh-hans\/datenschutz\/","name":"Datenschutz - Klimenthenhapel","isPartOf":{"@id":"https:\/\/www.klimenthenhapel.at\/de\/#website"},"datePublished":"2019-04-10T14:48:51+00:00","dateModified":"2019-04-10T14:48:51+00:00","breadcrumb":{"@id":"https:\/\/www.klimenthenhapel.at\/zh-hans\/datenschutz\/#breadcrumb"},"inLanguage":"zh-Hans","potentialAction":[{"@type":"ReadAction","target":["https:\/\/www.klimenthenhapel.at\/zh-hans\/datenschutz\/"]}]},{"@type":"BreadcrumbList","@id":"https:\/\/www.klimenthenhapel.at\/zh-hans\/datenschutz\/#breadcrumb","itemListElement":[{"@type":"ListItem","position":1,"name":"Home","item":"https:\/\/www.klimenthenhapel.at\/zh-hans\/"},{"@type":"ListItem","position":2,"name":"Datenschutz"}]},{"@type":"WebSite","@id":"https:\/\/www.klimenthenhapel.at\/de\/#website","url":"https:\/\/www.klimenthenhapel.at\/de\/","name":"Klimenthenhapel","description":"bei Kliment &amp; Henhapel Patentanw\u00e4lte OG, einer Patentanwaltskanzlei mit Niederlassungen in Wien, Linz und Salzburg.","potentialAction":[{"@type":"SearchAction","target":{"@type":"EntryPoint","urlTemplate":"https:\/\/www.klimenthenhapel.at\/de\/?s={search_term_string}"},"query-input":"required name=search_term_string"}],"inLanguage":"zh-Hans"}]}},"_links":{"self":[{"href":"https:\/\/www.klimenthenhapel.at\/zh-hans\/wp-json\/wp\/v2\/pages\/2264","targetHints":{"allow":["GET"]}}],"collection":[{"href":"https:\/\/www.klimenthenhapel.at\/zh-hans\/wp-json\/wp\/v2\/pages"}],"about":[{"href":"https:\/\/www.klimenthenhapel.at\/zh-hans\/wp-json\/wp\/v2\/types\/page"}],"author":[{"embeddable":true,"href":"https:\/\/www.klimenthenhapel.at\/zh-hans\/wp-json\/wp\/v2\/users\/1"}],"replies":[{"embeddable":true,"href":"https:\/\/www.klimenthenhapel.at\/zh-hans\/wp-json\/wp\/v2\/comments?post=2264"}],"version-history":[{"count":2,"href":"https:\/\/www.klimenthenhapel.at\/zh-hans\/wp-json\/wp\/v2\/pages\/2264\/revisions"}],"predecessor-version":[{"id":2273,"href":"https:\/\/www.klimenthenhapel.at\/zh-hans\/wp-json\/wp\/v2\/pages\/2264\/revisions\/2273"}],"wp:attachment":[{"href":"https:\/\/www.klimenthenhapel.at\/zh-hans\/wp-json\/wp\/v2\/media?parent=2264"}],"curies":[{"name":"wp","href":"https:\/\/api.w.org\/{rel}","templated":true}]}}