{"id":2269,"date":"2019-04-10T14:49:17","date_gmt":"2019-04-10T14:49:17","guid":{"rendered":"https:\/\/www.klimenthenhapel.at\/?page_id=2269"},"modified":"2019-04-10T14:49:17","modified_gmt":"2019-04-10T14:49:17","slug":"impressum","status":"publish","type":"page","link":"https:\/\/www.klimenthenhapel.at\/fr\/impressum\/","title":{"rendered":"Impressum"},"content":{"rendered":"<div class=\"wpb-content-wrapper\"><p>[vc_row][vc_column][vc_column_text]Angaben gem\u00e4\u00df eCommerce Gesetz \u00a75<\/p>\n<p>F\u00fcr den Inhalt verantwortlich:<br \/>\nPatentanwalt Dipl.-Ing. Bernhard Henhapel; 1010 Wien, Gonzagagasse 15<\/p>\n<p>e-mail:\u00a0<a href=\"mailto:office@klimenthenhapel.at\">office@klimenthenhapel.at<\/a><br \/>\nhomepage:\u00a0<a href=\"https:\/\/www.klimenthenhapel.at\/\">www.klimenthenhapel.at<\/a><\/p>\n<p>Rechtsform: Offene Gesellschaft (OG)<br \/>\nFirmenbuchnummer: 286677i<br \/>\nFirmenbuchgericht: HG Wien<br \/>\nUID-Nr.:ATU 56635911<\/p>\n<p>Kliment &amp; Henhapel Patentanw\u00e4lte sind \u00f6sterreichische Patentanw\u00e4lte und European Patent Attorneys und unterliegen den standesrechtlichen Vorschriften der \u00d6sterreichischen Patentanwaltskammer (<a href=\"http:\/\/www.patentanwalt.at\/\">www.patentanwalt.at<\/a>) sowie den EPI Standesrichtlinien (<a href=\"http:\/\/www.patentepi.com\/\">www.patentepi.com<\/a>)<br \/>\n.<\/p>\n<p>Die Webseite wird von Kliment &amp; Henhapel Patentanw\u00e4lte OG betrieben<br \/>\n. Jegliche Rechte an oder aus der Webseite liegen bei Kliment &amp; Henhapel Patentanw\u00e4lte OG.<\/p>\n<p>Kliment &amp; Henhapel Patentanw\u00e4lte OG hat alle in ihrem Bereich bereitgestellten Informationen nach bestem Wissen und Gewissen erarbeitet und gepr\u00fcft. Es wird jedoch keine Gew\u00e4hr f\u00fcr die Aktualit\u00e4t, Richtigkeit, Vollst\u00e4ndigkeit oder Qualit\u00e4t und jederzeitige Verf\u00fcgbarkeit der bereit gestellten Informationen \u00fcbernommen.<\/p>\n<p>F\u00fcr etwaige Sch\u00e4den, die beim Aufrufen oder Herunterladen von Daten durch Computerviren verursacht werden, wird nicht gehaftet<br \/>\n.<\/p>\n<p>F\u00fcr den Inhalt der verlinkten Seiten ist ausschlie\u00dflich deren Betreiber verantwortlich.[\/vc_column_text][\/vc_column][\/vc_row]<\/p>\n<\/div>","protected":false},"excerpt":{"rendered":"<p>[vc_row][vc_column][vc_column_text]Angaben gem\u00e4\u00df eCommerce Gesetz \u00a75 F\u00fcr den Inhalt verantwortlich: Patentanwalt Dipl.-Ing. Bernhard Henhapel; 1010 Wien, Gonzagagasse 15 e-mail:\u00a0office@klimenthenhapel.at homepage:\u00a0www.klimenthenhapel.at Rechtsform: Offene Gesellschaft (OG) Firmenbuchnummer: 286677i Firmenbuchgericht: HG Wien UID-Nr.:ATU 56635911 Kliment &amp; Henhapel Patentanw\u00e4lte sind \u00f6sterreichische Patentanw\u00e4lte und European Patent Attorneys und unterliegen den standesrechtlichen Vorschriften der \u00d6sterreichischen Patentanwaltskammer (www.patentanwalt.at) sowie den EPI Standesrichtlinien (www.patentepi.com) [&hellip;]<\/p>\n","protected":false},"author":1,"featured_media":0,"parent":0,"menu_order":0,"comment_status":"closed","ping_status":"closed","template":"","meta":{"_acf_changed":false,"footnotes":""},"class_list":["post-2269","page","type-page","status-publish","hentry"],"acf":[],"yoast_head":"<!-- This site is optimized with the Yoast SEO plugin v23.3 - https:\/\/yoast.com\/wordpress\/plugins\/seo\/ -->\n<title>Impressum - Klimenthenhapel<\/title>\n<meta name=\"robots\" content=\"index, follow, max-snippet:-1, max-image-preview:large, max-video-preview:-1\" \/>\n<link rel=\"canonical\" href=\"https:\/\/www.klimenthenhapel.at\/fr\/impressum\/\" \/>\n<meta property=\"og:locale\" content=\"fr_FR\" \/>\n<meta property=\"og:type\" content=\"article\" \/>\n<meta property=\"og:title\" content=\"Impressum - Klimenthenhapel\" \/>\n<meta property=\"og:description\" content=\"[vc_row][vc_column][vc_column_text]Angaben gem\u00e4\u00df eCommerce Gesetz \u00a75 F\u00fcr den Inhalt verantwortlich: Patentanwalt Dipl.-Ing. Bernhard Henhapel; 1010 Wien, Gonzagagasse 15 e-mail:\u00a0office@klimenthenhapel.at homepage:\u00a0www.klimenthenhapel.at Rechtsform: Offene Gesellschaft (OG) Firmenbuchnummer: 286677i Firmenbuchgericht: HG Wien UID-Nr.:ATU 56635911 Kliment &amp; Henhapel Patentanw\u00e4lte sind \u00f6sterreichische Patentanw\u00e4lte und European Patent Attorneys und unterliegen den standesrechtlichen Vorschriften der \u00d6sterreichischen Patentanwaltskammer (www.patentanwalt.at) sowie den EPI Standesrichtlinien (www.patentepi.com) [&hellip;]\" \/>\n<meta property=\"og:url\" content=\"https:\/\/www.klimenthenhapel.at\/fr\/impressum\/\" \/>\n<meta property=\"og:site_name\" content=\"Klimenthenhapel\" \/>\n<meta name=\"twitter:card\" content=\"summary_large_image\" \/>\n<meta name=\"twitter:label1\" content=\"Dur\u00e9e de lecture estim\u00e9e\" \/>\n\t<meta name=\"twitter:data1\" content=\"1 minute\" \/>\n<script type=\"application\/ld+json\" class=\"yoast-schema-graph\">{\"@context\":\"https:\/\/schema.org\",\"@graph\":[{\"@type\":\"WebPage\",\"@id\":\"https:\/\/www.klimenthenhapel.at\/fr\/impressum\/\",\"url\":\"https:\/\/www.klimenthenhapel.at\/fr\/impressum\/\",\"name\":\"Impressum - Klimenthenhapel\",\"isPartOf\":{\"@id\":\"https:\/\/www.klimenthenhapel.at\/de\/#website\"},\"datePublished\":\"2019-04-10T14:49:17+00:00\",\"dateModified\":\"2019-04-10T14:49:17+00:00\",\"breadcrumb\":{\"@id\":\"https:\/\/www.klimenthenhapel.at\/fr\/impressum\/#breadcrumb\"},\"inLanguage\":\"fr-FR\",\"potentialAction\":[{\"@type\":\"ReadAction\",\"target\":[\"https:\/\/www.klimenthenhapel.at\/fr\/impressum\/\"]}]},{\"@type\":\"BreadcrumbList\",\"@id\":\"https:\/\/www.klimenthenhapel.at\/fr\/impressum\/#breadcrumb\",\"itemListElement\":[{\"@type\":\"ListItem\",\"position\":1,\"name\":\"Home\",\"item\":\"https:\/\/www.klimenthenhapel.at\/fr\/\"},{\"@type\":\"ListItem\",\"position\":2,\"name\":\"Impressum\"}]},{\"@type\":\"WebSite\",\"@id\":\"https:\/\/www.klimenthenhapel.at\/de\/#website\",\"url\":\"https:\/\/www.klimenthenhapel.at\/de\/\",\"name\":\"Klimenthenhapel\",\"description\":\"bei Kliment &amp; Henhapel Patentanw\u00e4lte OG, einer Patentanwaltskanzlei mit Niederlassungen in Wien, Linz und Salzburg.\",\"potentialAction\":[{\"@type\":\"SearchAction\",\"target\":{\"@type\":\"EntryPoint\",\"urlTemplate\":\"https:\/\/www.klimenthenhapel.at\/de\/?s={search_term_string}\"},\"query-input\":\"required name=search_term_string\"}],\"inLanguage\":\"fr-FR\"}]}<\/script>\n<!-- \/ Yoast SEO plugin. -->","yoast_head_json":{"title":"Impressum - Klimenthenhapel","robots":{"index":"index","follow":"follow","max-snippet":"max-snippet:-1","max-image-preview":"max-image-preview:large","max-video-preview":"max-video-preview:-1"},"canonical":"https:\/\/www.klimenthenhapel.at\/fr\/impressum\/","og_locale":"fr_FR","og_type":"article","og_title":"Impressum - Klimenthenhapel","og_description":"[vc_row][vc_column][vc_column_text]Angaben gem\u00e4\u00df eCommerce Gesetz \u00a75 F\u00fcr den Inhalt verantwortlich: Patentanwalt Dipl.-Ing. Bernhard Henhapel; 1010 Wien, Gonzagagasse 15 e-mail:\u00a0office@klimenthenhapel.at homepage:\u00a0www.klimenthenhapel.at Rechtsform: Offene Gesellschaft (OG) Firmenbuchnummer: 286677i Firmenbuchgericht: HG Wien UID-Nr.:ATU 56635911 Kliment &amp; Henhapel Patentanw\u00e4lte sind \u00f6sterreichische Patentanw\u00e4lte und European Patent Attorneys und unterliegen den standesrechtlichen Vorschriften der \u00d6sterreichischen Patentanwaltskammer (www.patentanwalt.at) sowie den EPI Standesrichtlinien (www.patentepi.com) [&hellip;]","og_url":"https:\/\/www.klimenthenhapel.at\/fr\/impressum\/","og_site_name":"Klimenthenhapel","twitter_card":"summary_large_image","twitter_misc":{"Dur\u00e9e de lecture estim\u00e9e":"1 minute"},"schema":{"@context":"https:\/\/schema.org","@graph":[{"@type":"WebPage","@id":"https:\/\/www.klimenthenhapel.at\/fr\/impressum\/","url":"https:\/\/www.klimenthenhapel.at\/fr\/impressum\/","name":"Impressum - Klimenthenhapel","isPartOf":{"@id":"https:\/\/www.klimenthenhapel.at\/de\/#website"},"datePublished":"2019-04-10T14:49:17+00:00","dateModified":"2019-04-10T14:49:17+00:00","breadcrumb":{"@id":"https:\/\/www.klimenthenhapel.at\/fr\/impressum\/#breadcrumb"},"inLanguage":"fr-FR","potentialAction":[{"@type":"ReadAction","target":["https:\/\/www.klimenthenhapel.at\/fr\/impressum\/"]}]},{"@type":"BreadcrumbList","@id":"https:\/\/www.klimenthenhapel.at\/fr\/impressum\/#breadcrumb","itemListElement":[{"@type":"ListItem","position":1,"name":"Home","item":"https:\/\/www.klimenthenhapel.at\/fr\/"},{"@type":"ListItem","position":2,"name":"Impressum"}]},{"@type":"WebSite","@id":"https:\/\/www.klimenthenhapel.at\/de\/#website","url":"https:\/\/www.klimenthenhapel.at\/de\/","name":"Klimenthenhapel","description":"bei Kliment &amp; Henhapel Patentanw\u00e4lte OG, einer Patentanwaltskanzlei mit Niederlassungen in Wien, Linz und Salzburg.","potentialAction":[{"@type":"SearchAction","target":{"@type":"EntryPoint","urlTemplate":"https:\/\/www.klimenthenhapel.at\/de\/?s={search_term_string}"},"query-input":"required name=search_term_string"}],"inLanguage":"fr-FR"}]}},"_links":{"self":[{"href":"https:\/\/www.klimenthenhapel.at\/fr\/wp-json\/wp\/v2\/pages\/2269","targetHints":{"allow":["GET"]}}],"collection":[{"href":"https:\/\/www.klimenthenhapel.at\/fr\/wp-json\/wp\/v2\/pages"}],"about":[{"href":"https:\/\/www.klimenthenhapel.at\/fr\/wp-json\/wp\/v2\/types\/page"}],"author":[{"embeddable":true,"href":"https:\/\/www.klimenthenhapel.at\/fr\/wp-json\/wp\/v2\/users\/1"}],"replies":[{"embeddable":true,"href":"https:\/\/www.klimenthenhapel.at\/fr\/wp-json\/wp\/v2\/comments?post=2269"}],"version-history":[{"count":2,"href":"https:\/\/www.klimenthenhapel.at\/fr\/wp-json\/wp\/v2\/pages\/2269\/revisions"}],"predecessor-version":[{"id":2283,"href":"https:\/\/www.klimenthenhapel.at\/fr\/wp-json\/wp\/v2\/pages\/2269\/revisions\/2283"}],"wp:attachment":[{"href":"https:\/\/www.klimenthenhapel.at\/fr\/wp-json\/wp\/v2\/media?parent=2269"}],"curies":[{"name":"wp","href":"https:\/\/api.w.org\/{rel}","templated":true}]}}