{"id":122,"date":"2018-03-15T22:52:57","date_gmt":"2018-03-15T22:52:57","guid":{"rendered":"https:\/\/www.klimenthenhapel.at\/?page_id=122"},"modified":"2019-09-24T08:31:21","modified_gmt":"2019-09-24T08:31:21","slug":"rechtsgebiete","status":"publish","type":"page","link":"https:\/\/www.klimenthenhapel.at\/de\/rechtsgebiete\/","title":{"rendered":"Rechtsgebiete"},"content":{"rendered":"<div class=\"wpb-content-wrapper\"><p>[vc_row el_id=&#8220;patente&#8220;][vc_column][vc_empty_space height=&#8220;100px&#8220;][\/vc_column][\/vc_row][vc_row][vc_column][cms_heading hd_subtitle=&#8220;Monopole auf Zeit&#8220; hd_title=&#8220;Patente&#8220; title_color=&#8220;#196baa&#8220; cms_template=&#8220;cms_heading.php&#8220;][vc_column_text]Patente sch\u00fctzen <strong>technische Erfindungen<\/strong> und r\u00e4umen ihrem Inhaber das Recht ein, Dritte von der gewerblichen Nutzung der Erfindung auszuschlie\u00dfen (<strong>Ausschlie\u00dfungsrecht<\/strong>). Neben der geforderten Technizit\u00e4t muss eine Patentanmeldung auch noch weitere <strong>Kriterien<\/strong> erf\u00fcllen, um als patentf\u00e4hig zu gelten. Insbesondere muss der zu sch\u00fctzende Gegenstand neu sein und darf sich f\u00fcr den Fachmann nicht in naheliegender Weise aus dem Stand der Technik ergeben. Das bedeutet, dass eine Erfindung in der Regel nicht mehr durch ein Patent gesch\u00fctzt werden kann, nachdem sie der \u00d6ffentlichkeit einmal zug\u00e4nglich gemacht worden ist.<\/p>\n<p>Zeitlich ist der Schutzbereich eines Patentes auf <strong>maximal 20 Jahre<\/strong> (gerechnet vom Anmeldetag) begrenzt. Hinsichtlich des territorialen Schutzbereiches stehen <strong>nationale Patente<\/strong> zur Verf\u00fcgung, um Schutz in einzelnen L\u00e4ndern zu erlangen, wobei in jedem dieser L\u00e4nder ein eigenes <a href=\"https:\/\/www.klimenthenhapel.at\/dienstleistungen\/#vertretung-verfahrensfuehrung\">Erteilungsverfahren<\/a> vor dem jeweils zust\u00e4ndigen Patentamt zu f\u00fchren ist.\u00a0Durch Einreichung einer <strong>europ\u00e4ischen Patentanmeldung<\/strong> ist es hingegen m\u00f6glich, mittels eines einzigen Erteilungsverfahrens Schutz in bis zu 44 Staaten\u00a0zu erlangen. \u00dcber eine <strong>internationale Patentanmeldung<\/strong> kann sogar in bis zu 152 Staaten Patentschutz erlangt werden &#8211; allerdings ist das Erteilungsverfahren hierbei nur teilweise zentralisiert.<\/p>\n<p>M\u00f6chten Sie <a href=\"https:\/\/www.klimenthenhapel.at\/kontakt\/\">mehr<\/a> \u00fcber Patente erfahren?[\/vc_column_text][vc_empty_space height=&#8220;50px&#8220;][\/vc_column][\/vc_row][vc_row el_id=&#8220;gebrauchsmuster&#8220;][vc_column][vc_empty_space height=&#8220;130px&#8220;][cms_heading hd_subtitle=&#8220;Ungepr\u00fcft und schnell&#8220; hd_title=&#8220;Gebrauchsmuster&#8220; title_color=&#8220;#196baa&#8220; cms_template=&#8220;cms_heading.php&#8220;][vc_column_text]Das \u00f6sterreichische Gebrauchsmuster sch\u00fctzt (wie auch das Patent)\u00a0ebenfalls <strong>technische Erfindungen\u00a0<\/strong>und wird gemeinhin auch als <em>kleines Patent<\/em> bezeichnet. Hintergrund ist, dass die <strong>Laufzeit<\/strong> eines Gebrauchsmusters mit maximal 10 Jahren deutlich k\u00fcrzer ist als die eines <a href=\"https:\/\/www.klimenthenhapel.at\/rechtsgebiete\/#patente\">Patentes<\/a>.<\/p>\n<p>Allerdings bietet das Gebrauchsmuster im Vergleich zum Patent auch wesentliche<strong> Vorteile<\/strong>: Zwar sind die Kriterien, die ein Gebrauchsmuster erf\u00fcllen muss, um rechtsbest\u00e4ndig zu sein, dieselben wie im Falle eines Patentes; allerdings wird eine Gebrauchsmusteranmeldung lediglich einer amtlichen Gesetzm\u00e4\u00dfigkeitspr\u00fcfung unterzogen, sodass ein deutlich <strong>k\u00fcrzeres Erteilungsverfahren<\/strong> zu erwarten ist. Zudem gilt f\u00fcr Gebrauchsmuster eine sogenannte <strong>sechsmonatige Neuheitsschonfrist<\/strong>. Das bedeutet, dass eine Erfindung, die bereits ver\u00f6ffentlicht wurde und daher nicht mehr dem Patentschutz zug\u00e4nglich ist, innerhalb von 6 Monaten nach dieser Ver\u00f6ffentlichung noch immer durch ein Gebrauchsmuster gesch\u00fctzt werden kann.<\/p>\n<p>M\u00f6chten Sie <a href=\"https:\/\/www.klimenthenhapel.at\/kontakt\/\">mehr<\/a> \u00fcber Gebrauchsmuster erfahren?[\/vc_column_text][vc_empty_space height=&#8220;50px&#8220;][\/vc_column][\/vc_row][vc_row el_id=&#8220;marken&#8220;][vc_column][vc_empty_space height=&#8220;130px&#8220;][cms_heading hd_subtitle=&#8220;Wertvolle Kennzeichen&#8220; hd_title=&#8220;Marken&#8220; title_color=&#8220;#196baa&#8220; cms_template=&#8220;cms_heading.php&#8220;][vc_column_text]Marken sind Zeichen, welche dazu dienen, Waren und Dienstleistungen unterschiedlicher Unternehmen zu kennzeichnen und voneinander zu unterscheiden.\u00a0Eine Markenregistrierung\u00a0umfasst daher immer ein (Wort-, Bild-, Klang-, etc.) <strong>Zeichen<\/strong> sowie\u00a0ein Verzeichnis all jener <strong>Waren und\/oder Dienstleistungen<\/strong>, in deren Zusammenhang das Zeichen gesch\u00fctzt werden soll.\u00a0Die maximale\u00a0<strong>Laufzeit<\/strong> einer Marke ist nicht begrenzt.<\/p>\n<p>Zum Schutz einer Marke im <strong>Ausland<\/strong> kann entweder eine <strong>Unionsmarke<\/strong> angemeldet oder eine <strong>internationale Registrierung<\/strong> vorgenommen werden. Zus\u00e4tzlich oder alternativ k\u00f6nnen einzelne <strong>nationale Marken<\/strong> registriert werden.<\/p>\n<p>M\u00f6chten Sie <a href=\"https:\/\/www.klimenthenhapel.at\/kontakt\/\">mehr<\/a> \u00fcber\u00a0Marken erfahren?[\/vc_column_text][vc_empty_space height=&#8220;50px&#8220;][\/vc_column][\/vc_row][vc_row el_id=&#8220;geschmacksmuster&#8220;][vc_column][vc_empty_space height=&#8220;130px&#8220;][cms_heading hd_subtitle=&#8220;Formsache&#8220; hd_title=&#8220;Geschmacksmuster&#8220; title_color=&#8220;#196baa&#8220; cms_template=&#8220;cms_heading.php&#8220;][vc_column_text]Ein Geschmacksmuster hat &#8211; trotz einer gewissen wortbildlichen \u00c4hnlichkeit &#8211; <em>nichts mit einem Gebrauchsmuster zu tun<\/em>. Es sch\u00fctzt n\u00e4mlich nicht technische Erfindungen, sondern vielmehr die <strong>Erscheinungsform eines Erzeugnisses<\/strong>. Geschmacksmuster werden deshalb auch als <em>Designs<\/em> bezeichnet. Neuheit und Eigenart sind zwar <strong>Kriterien<\/strong>, die ein Geschmacksmuster erf\u00fcllen muss, um rechtsbest\u00e4ndig zu sein; allerdings werden diese Kriterien im Rahmen des Eintragungsverfahrens <strong>nicht gepr\u00fcft<\/strong>, sodass solche Verfahren in der Regel nur wenige Tage oder Wochen in Anspruch nehmen.<\/p>\n<p>Die maximale <strong>Laufzeit<\/strong> ist auf 25 Jahre beschr\u00e4nkt. Im <strong>Ausland<\/strong> kann entsprechender Schutz \u00fcber <strong>Gemeinschaftsgeschmacksmuster<\/strong> oder <strong>internationale Registrierungen<\/strong> erlangt werden.<\/p>\n<p>M\u00f6chten Sie <a href=\"https:\/\/www.klimenthenhapel.at\/kontakt\/\">mehr<\/a> \u00fcber Geschmacksmuster erfahren?[\/vc_column_text][vc_empty_space height=&#8220;50px&#8220;][\/vc_column][\/vc_row][vc_row el_id=&#8220;sortenschutzrechte&#8220;][vc_column][vc_empty_space height=&#8220;130px&#8220;][cms_heading hd_subtitle=&#8220;Echte Exoten&#8220; hd_title=&#8220;Sortenschutz\u00adrechte&#8220; title_color=&#8220;#196baa&#8220; cms_template=&#8220;cms_heading.php&#8220;][vc_column_text]Sortenschutzrechte bewirken bei neuen Pflanzensorten ein befristetes ausschlie\u00dfliches <strong>Recht zur Erzeugung und zum Vertrieb von Vermehrungsmaterial<\/strong>. Dieses Recht wird dem Z\u00fcchter auf Antrag geb\u00fchrenpflichtig verliehen und gilt <strong>maximal 25 Jahre<\/strong> (au\u00dfer bei B\u00e4umen, Reben, Hopfen und Kartoffeln: hier maximal 30 Jahre).<\/p>\n<p>M\u00f6chten Sie <a href=\"https:\/\/www.klimenthenhapel.at\/kontakt\/\">mehr<\/a> \u00fcber Sortenschutzrechte erfahren?[\/vc_column_text][vc_empty_space height=&#8220;50px&#8220;][\/vc_column][\/vc_row][vc_row el_id=&#8220;schutzzertifikate&#8220;][vc_column][vc_empty_space height=&#8220;130px&#8220;][cms_heading hd_subtitle=&#8220;Wenn&#8217;s mal wieder l\u00e4nger dauert&#8220; hd_title=&#8220;Schutzzertifikate&#8220; title_color=&#8220;#196baa&#8220; cms_template=&#8220;cms_heading.php&#8220;][vc_column_text]Bei erg\u00e4nzenden Schutzzertifikaten handelt es sich um eine <strong>Verl\u00e4ngerung des patentrechtlichen Schutzes <\/strong>f\u00fcr zugelassene pharmazeutische Wirkstoffe bzw. Pflanzenschutzmittel. <strong>Voraussetzung<\/strong> f\u00fcr die Erteilung eines Schutzzertifikats ist ein aufrechtes <a href=\"https:\/\/www.klimenthenhapel.at\/rechtsgebiete\/#patente\">Grundpatent<\/a>. Ein Schutzzertifikat wird f\u00fcr ein Erzeugnis, zumeist einen <strong>Wirkstoff<\/strong>, erteilt und soll der langen Dauer eines arzneimittelrechtlichen Zulassungsverfahrens Rechnung tragen.<\/p>\n<p>Die <strong>maximale Laufzeit<\/strong> eines Schutzzertifikats betr\u00e4gt f\u00fcnf Jahre, wobei diese mit Ende der maximalen Laufzeit des Grundpatents beginnt. F\u00fcr Kinderarzneimittel ist eine einmalige Verl\u00e4ngerung um sechs Monate m\u00f6glich.<\/p>\n<p>M\u00f6chten Sie <a href=\"https:\/\/www.klimenthenhapel.at\/kontakt\/\">mehr<\/a> \u00fcber Schutzzertifikate erfahren?[\/vc_column_text][vc_empty_space height=&#8220;50px&#8220;][\/vc_column][\/vc_row][vc_row el_id=&#8220;halbleiterschutzrechte&#8220;][vc_column][vc_empty_space height=&#8220;130px&#8220;][cms_heading hd_subtitle=&#8220;(Auch) das \u00c4u\u00dfere z\u00e4hlt&#8220; hd_title=&#8220;Halbleiter\u00ad\u00adschutz\u00ad\u00adrechte&#8220; title_color=&#8220;#196baa&#8220; cms_template=&#8220;cms_heading.php&#8220;][vc_column_text]Halbleiterschutzrechte sch\u00fctzen dreidimensionale <strong>Strukturen von mikroelektronischen Halbleitererzeugnissen<\/strong> (Topographien). Der Schutz der Topographie von Halbleitererzeugnissen gilt nur f\u00fcr die Topographie als solche.<\/p>\n<p>M\u00f6chten Sie <a href=\"https:\/\/www.klimenthenhapel.at\/kontakt\/\">mehr<\/a> \u00fcber Halbleiterschutzrechte erfahren?[\/vc_column_text][vc_empty_space height=&#8220;50px&#8220;][\/vc_column][\/vc_row][vc_row el_id=&#8220;lizenzvertraege&#8220;][vc_column][vc_empty_space height=&#8220;130px&#8220;][cms_heading hd_subtitle=&#8220;Quid pro quo&#8220; hd_title=&#8220;Lizenzvertr\u00e4ge&#8220; title_color=&#8220;#196baa&#8220; cms_template=&#8220;cms_heading.php&#8220;][vc_column_text]F\u00fcr bestehende gewerbliche Schutzrechte k\u00f6nnen <strong>Lizenzen<\/strong> erteilt werden. Gegen eine entsprechende <strong>Lizenzgeb\u00fchr<\/strong> r\u00e4umt der Schutzrechtsinhaber dabei dem Lizenznehmer im Rahmen eines <strong>Lizenzvertrages<\/strong> das Recht zur Benutzung des (gesamten oder eines Teilaspektes des)\u00a0gesch\u00fctzten Gegenstandes ein. Dritten gegen\u00fcber werden solche Lizenzen jedoch erst mit Eintragung des Lizenzrechtes in das jeweilige <strong>Patentregister<\/strong> rechtswirksam<br \/>\n.<\/p>\n<p>M\u00f6chten Sie <a href=\"https:\/\/www.klimenthenhapel.at\/kontakt\/\">mehr<\/a> \u00fcber Lizenzen erfahren?[\/vc_column_text][vc_empty_space height=&#8220;50px&#8220;][\/vc_column][\/vc_row][vc_row el_id=&#8220;dienstnehmererfindungen&#8220;][vc_column][vc_empty_space height=&#8220;130px&#8220;][cms_heading hd_subtitle=&#8220;Klare Verh\u00e4ltnisse&#8220; hd_title=&#8220;Dienstnehmer\u00aderfindungen&#8220; title_color=&#8220;#196baa&#8220; cms_template=&#8220;cms_heading.php&#8220;][vc_column_text]Das \u00f6sterreichische Patentgesetz regelt die Rechte an Erfindungen, welche von <strong>Dienstnehmern<\/strong> eines Unternehmens gemacht wurden. Unter gewissen\u00a0Umst\u00e4nden handelt es sich bei solchen Erfindungen\u00a0um\u00a0sogenannte <strong>Diensterfindungen<\/strong>.<\/p>\n<p>Sofern eine entsprechende, schriftliche Vereinbarung besteht und die Erfindung eine Diensterfindung ist,\u00a0ist dem Dienstgeber M\u00f6glichkeit zu geben, die Erfindung selbst als Patent- oder Gebrauchsmusteranmeldung anzumelden. F\u00fcr die <strong>\u00dcberlassung<\/strong> der Erfindung steht dem Dienstnehmer eine &#8222;angemessene besondere <strong>Verg\u00fctung<\/strong>&#8220; zu.<\/p>\n<p>M\u00f6chten Sie <a href=\"https:\/\/www.klimenthenhapel.at\/kontakt\/\">mehr<\/a> \u00fcber Diensterfindungen erfahren?[\/vc_column_text][vc_empty_space height=&#8220;50px&#8220;][\/vc_column][\/vc_row]<\/p>\n<\/div>","protected":false},"excerpt":{"rendered":"<p>[vc_row el_id=&#8220;patente&#8220;][vc_column][vc_empty_space height=&#8220;100px&#8220;][\/vc_column][\/vc_row][vc_row][vc_column][cms_heading hd_subtitle=&#8220;Monopole auf Zeit&#8220; hd_title=&#8220;Patente&#8220; title_color=&#8220;#196baa&#8220; cms_template=&#8220;cms_heading.php&#8220;][vc_column_text]Patente sch\u00fctzen technische Erfindungen und r\u00e4umen ihrem Inhaber das Recht ein, Dritte von der gewerblichen Nutzung der Erfindung auszuschlie\u00dfen (Ausschlie\u00dfungsrecht). Neben der geforderten Technizit\u00e4t muss eine Patentanmeldung auch noch weitere Kriterien erf\u00fcllen, um als patentf\u00e4hig zu gelten. Insbesondere muss der zu sch\u00fctzende Gegenstand neu sein und darf [&hellip;]<\/p>\n","protected":false},"author":1,"featured_media":0,"parent":0,"menu_order":0,"comment_status":"closed","ping_status":"closed","template":"","meta":{"_acf_changed":false,"footnotes":""},"class_list":["post-122","page","type-page","status-publish","hentry"],"acf":[],"yoast_head":"<!-- This site is optimized with the Yoast SEO plugin v23.3 - https:\/\/yoast.com\/wordpress\/plugins\/seo\/ -->\n<title>Kliment &amp; Henhapel Patentanw\u00e4lte - Rechtsgebiete<\/title>\n<meta name=\"robots\" content=\"index, follow, max-snippet:-1, max-image-preview:large, max-video-preview:-1\" \/>\n<link rel=\"canonical\" href=\"https:\/\/www.klimenthenhapel.at\/de\/rechtsgebiete\/\" \/>\n<meta property=\"og:locale\" content=\"de_DE\" \/>\n<meta property=\"og:type\" content=\"article\" \/>\n<meta property=\"og:title\" content=\"Kliment &amp; Henhapel Patentanw\u00e4lte - Rechtsgebiete\" \/>\n<meta property=\"og:description\" content=\"[vc_row el_id=&#8220;patente&#8220;][vc_column][vc_empty_space height=&#8220;100px&#8220;][\/vc_column][\/vc_row][vc_row][vc_column][cms_heading hd_subtitle=&#8220;Monopole auf Zeit&#8220; hd_title=&#8220;Patente&#8220; title_color=&#8220;#196baa&#8220; cms_template=&#8220;cms_heading.php&#8220;][vc_column_text]Patente sch\u00fctzen technische Erfindungen und r\u00e4umen ihrem Inhaber das Recht ein, Dritte von der gewerblichen Nutzung der Erfindung auszuschlie\u00dfen (Ausschlie\u00dfungsrecht). Neben der geforderten Technizit\u00e4t muss eine Patentanmeldung auch noch weitere Kriterien erf\u00fcllen, um als patentf\u00e4hig zu gelten. Insbesondere muss der zu sch\u00fctzende Gegenstand neu sein und darf [&hellip;]\" \/>\n<meta property=\"og:url\" content=\"https:\/\/www.klimenthenhapel.at\/de\/rechtsgebiete\/\" \/>\n<meta property=\"og:site_name\" content=\"Klimenthenhapel\" \/>\n<meta property=\"article:modified_time\" content=\"2019-09-24T08:31:21+00:00\" \/>\n<meta name=\"twitter:card\" content=\"summary_large_image\" \/>\n<meta name=\"twitter:label1\" content=\"Gesch\u00e4tzte Lesezeit\" \/>\n\t<meta name=\"twitter:data1\" content=\"6\u00a0Minuten\" \/>\n<script type=\"application\/ld+json\" class=\"yoast-schema-graph\">{\"@context\":\"https:\/\/schema.org\",\"@graph\":[{\"@type\":\"WebPage\",\"@id\":\"https:\/\/www.klimenthenhapel.at\/de\/rechtsgebiete\/\",\"url\":\"https:\/\/www.klimenthenhapel.at\/de\/rechtsgebiete\/\",\"name\":\"Kliment & Henhapel Patentanw\u00e4lte - Rechtsgebiete\",\"isPartOf\":{\"@id\":\"https:\/\/www.klimenthenhapel.at\/de\/#website\"},\"datePublished\":\"2018-03-15T22:52:57+00:00\",\"dateModified\":\"2019-09-24T08:31:21+00:00\",\"breadcrumb\":{\"@id\":\"https:\/\/www.klimenthenhapel.at\/de\/rechtsgebiete\/#breadcrumb\"},\"inLanguage\":\"de\",\"potentialAction\":[{\"@type\":\"ReadAction\",\"target\":[\"https:\/\/www.klimenthenhapel.at\/de\/rechtsgebiete\/\"]}]},{\"@type\":\"BreadcrumbList\",\"@id\":\"https:\/\/www.klimenthenhapel.at\/de\/rechtsgebiete\/#breadcrumb\",\"itemListElement\":[{\"@type\":\"ListItem\",\"position\":1,\"name\":\"Home\",\"item\":\"https:\/\/www.klimenthenhapel.at\/de\/\"},{\"@type\":\"ListItem\",\"position\":2,\"name\":\"Rechtsgebiete\"}]},{\"@type\":\"WebSite\",\"@id\":\"https:\/\/www.klimenthenhapel.at\/de\/#website\",\"url\":\"https:\/\/www.klimenthenhapel.at\/de\/\",\"name\":\"Klimenthenhapel\",\"description\":\"bei Kliment &amp; Henhapel Patentanw\u00e4lte OG, einer Patentanwaltskanzlei mit Niederlassungen in Wien, Linz und Salzburg.\",\"potentialAction\":[{\"@type\":\"SearchAction\",\"target\":{\"@type\":\"EntryPoint\",\"urlTemplate\":\"https:\/\/www.klimenthenhapel.at\/de\/?s={search_term_string}\"},\"query-input\":\"required name=search_term_string\"}],\"inLanguage\":\"de\"}]}<\/script>\n<!-- \/ Yoast SEO plugin. -->","yoast_head_json":{"title":"Kliment & Henhapel Patentanw\u00e4lte - Rechtsgebiete","robots":{"index":"index","follow":"follow","max-snippet":"max-snippet:-1","max-image-preview":"max-image-preview:large","max-video-preview":"max-video-preview:-1"},"canonical":"https:\/\/www.klimenthenhapel.at\/de\/rechtsgebiete\/","og_locale":"de_DE","og_type":"article","og_title":"Kliment & Henhapel Patentanw\u00e4lte - Rechtsgebiete","og_description":"[vc_row el_id=&#8220;patente&#8220;][vc_column][vc_empty_space height=&#8220;100px&#8220;][\/vc_column][\/vc_row][vc_row][vc_column][cms_heading hd_subtitle=&#8220;Monopole auf Zeit&#8220; hd_title=&#8220;Patente&#8220; title_color=&#8220;#196baa&#8220; cms_template=&#8220;cms_heading.php&#8220;][vc_column_text]Patente sch\u00fctzen technische Erfindungen und r\u00e4umen ihrem Inhaber das Recht ein, Dritte von der gewerblichen Nutzung der Erfindung auszuschlie\u00dfen (Ausschlie\u00dfungsrecht). Neben der geforderten Technizit\u00e4t muss eine Patentanmeldung auch noch weitere Kriterien erf\u00fcllen, um als patentf\u00e4hig zu gelten. Insbesondere muss der zu sch\u00fctzende Gegenstand neu sein und darf [&hellip;]","og_url":"https:\/\/www.klimenthenhapel.at\/de\/rechtsgebiete\/","og_site_name":"Klimenthenhapel","article_modified_time":"2019-09-24T08:31:21+00:00","twitter_card":"summary_large_image","twitter_misc":{"Gesch\u00e4tzte Lesezeit":"6\u00a0Minuten"},"schema":{"@context":"https:\/\/schema.org","@graph":[{"@type":"WebPage","@id":"https:\/\/www.klimenthenhapel.at\/de\/rechtsgebiete\/","url":"https:\/\/www.klimenthenhapel.at\/de\/rechtsgebiete\/","name":"Kliment & Henhapel Patentanw\u00e4lte - Rechtsgebiete","isPartOf":{"@id":"https:\/\/www.klimenthenhapel.at\/de\/#website"},"datePublished":"2018-03-15T22:52:57+00:00","dateModified":"2019-09-24T08:31:21+00:00","breadcrumb":{"@id":"https:\/\/www.klimenthenhapel.at\/de\/rechtsgebiete\/#breadcrumb"},"inLanguage":"de","potentialAction":[{"@type":"ReadAction","target":["https:\/\/www.klimenthenhapel.at\/de\/rechtsgebiete\/"]}]},{"@type":"BreadcrumbList","@id":"https:\/\/www.klimenthenhapel.at\/de\/rechtsgebiete\/#breadcrumb","itemListElement":[{"@type":"ListItem","position":1,"name":"Home","item":"https:\/\/www.klimenthenhapel.at\/de\/"},{"@type":"ListItem","position":2,"name":"Rechtsgebiete"}]},{"@type":"WebSite","@id":"https:\/\/www.klimenthenhapel.at\/de\/#website","url":"https:\/\/www.klimenthenhapel.at\/de\/","name":"Klimenthenhapel","description":"bei Kliment &amp; Henhapel Patentanw\u00e4lte OG, einer Patentanwaltskanzlei mit Niederlassungen in Wien, Linz und Salzburg.","potentialAction":[{"@type":"SearchAction","target":{"@type":"EntryPoint","urlTemplate":"https:\/\/www.klimenthenhapel.at\/de\/?s={search_term_string}"},"query-input":"required name=search_term_string"}],"inLanguage":"de"}]}},"_links":{"self":[{"href":"https:\/\/www.klimenthenhapel.at\/de\/wp-json\/wp\/v2\/pages\/122","targetHints":{"allow":["GET"]}}],"collection":[{"href":"https:\/\/www.klimenthenhapel.at\/de\/wp-json\/wp\/v2\/pages"}],"about":[{"href":"https:\/\/www.klimenthenhapel.at\/de\/wp-json\/wp\/v2\/types\/page"}],"author":[{"embeddable":true,"href":"https:\/\/www.klimenthenhapel.at\/de\/wp-json\/wp\/v2\/users\/1"}],"replies":[{"embeddable":true,"href":"https:\/\/www.klimenthenhapel.at\/de\/wp-json\/wp\/v2\/comments?post=122"}],"version-history":[{"count":71,"href":"https:\/\/www.klimenthenhapel.at\/de\/wp-json\/wp\/v2\/pages\/122\/revisions"}],"predecessor-version":[{"id":2359,"href":"https:\/\/www.klimenthenhapel.at\/de\/wp-json\/wp\/v2\/pages\/122\/revisions\/2359"}],"wp:attachment":[{"href":"https:\/\/www.klimenthenhapel.at\/de\/wp-json\/wp\/v2\/media?parent=122"}],"curies":[{"name":"wp","href":"https:\/\/api.w.org\/{rel}","templated":true}]}}